{"id":8,"date":"2012-07-16T17:41:51","date_gmt":"2012-07-16T15:41:51","guid":{"rendered":"http:\/\/localhost\/homeland_wp\/?page_id=8"},"modified":"2013-04-26T11:35:28","modified_gmt":"2013-04-26T09:35:28","slug":"services","status":"publish","type":"page","link":"https:\/\/www.homeland-services.com\/en\/services\/","title":{"rendered":"Services"},"content":{"rendered":"<p>Since 2005, Homeland Services offers a range of services \u00ab\u00a0tailored\u00a0\u00bb to our customers, French or foreigners with a residence in France.<br \/>\nFrom the studio-sized to the mansion, Homeland Services, in partnership with qualified providers, ensures stewardship of your home.<\/p>\n","protected":false},"excerpt":{"rendered":"<p>Since 2005, Homeland Services offers a range of services \u00ab\u00a0tailored\u00a0\u00bb to our customers, French or foreigners with a residence in France. From the studio-sized to the mansion, Homeland Services, in partnership with qualified providers, ensures stewardship of your home.<\/p>\n","protected":false},"author":1,"featured_media":274,"parent":0,"menu_order":0,"comment_status":"closed","ping_status":"closed","template":"","meta":[],"yoast_head":"<!-- This site is optimized with the Yoast SEO plugin v18.9 - https:\/\/yoast.com\/wordpress\/plugins\/seo\/ -->\n<title>Services pour Expatri\u00e9s et Etrangers | Homeland Services<\/title>\n<meta name=\"description\" content=\"Assistance \u00e0 la location et \u00e0 la relocation. Intendance de r\u00e9sidence. \u00c9quipement et gestion de chantiers de r\u00e9novation. Contactez-vous pour un devis personnalis\u00e9.\" \/>\n<meta name=\"robots\" content=\"index, follow, max-snippet:-1, max-image-preview:large, max-video-preview:-1\" \/>\n<link rel=\"canonical\" href=\"https:\/\/www.homeland-services.com\/en\/services\/\" \/>\n<meta property=\"og:locale\" content=\"fr_FR\" \/>\n<meta property=\"og:type\" content=\"article\" \/>\n<meta property=\"og:title\" content=\"Services pour Expatri\u00e9s et Etrangers | Homeland Services\" \/>\n<meta property=\"og:description\" content=\"Assistance \u00e0 la location et \u00e0 la relocation. Intendance de r\u00e9sidence. \u00c9quipement et gestion de chantiers de r\u00e9novation. Contactez-vous pour un devis personnalis\u00e9.\" \/>\n<meta property=\"og:url\" content=\"https:\/\/www.homeland-services.com\/en\/services\/\" \/>\n<meta property=\"og:site_name\" content=\"Homeland Services\" \/>\n<meta property=\"article:publisher\" content=\"https:\/\/www.facebook.com\/HomelandServices\/\" \/>\n<meta property=\"article:modified_time\" content=\"2013-04-26T09:35:28+00:00\" \/>\n<meta property=\"og:image\" content=\"https:\/\/www.homeland-services.com\/wp-content\/uploads\/2012\/07\/Fotolia_28088209_S-e1424089579166.jpg\" \/>\n\t<meta property=\"og:image:width\" content=\"300\" \/>\n\t<meta property=\"og:image:height\" content=\"175\" \/>\n\t<meta property=\"og:image:type\" content=\"image\/jpeg\" \/>\n<script type=\"application\/ld+json\" class=\"yoast-schema-graph\">{\"@context\":\"https:\/\/schema.org\",\"@graph\":[{\"@type\":\"Organization\",\"@id\":\"https:\/\/www.homeland-services.com\/#organization\",\"name\":\"Homeland Services\",\"url\":\"https:\/\/www.homeland-services.com\/\",\"sameAs\":[\"https:\/\/www.facebook.com\/HomelandServices\/\"],\"logo\":{\"@type\":\"ImageObject\",\"inLanguage\":\"fr-FR\",\"@id\":\"https:\/\/www.homeland-services.com\/#\/schema\/logo\/image\/\",\"url\":\"https:\/\/www.homeland-services.com\/wp-content\/uploads\/2019\/01\/logo-homeland-services.png\",\"contentUrl\":\"https:\/\/www.homeland-services.com\/wp-content\/uploads\/2019\/01\/logo-homeland-services.png\",\"width\":322,\"height\":77,\"caption\":\"Homeland Services\"},\"image\":{\"@id\":\"https:\/\/www.homeland-services.com\/#\/schema\/logo\/image\/\"}},{\"@type\":\"WebSite\",\"@id\":\"https:\/\/www.homeland-services.com\/#website\",\"url\":\"https:\/\/www.homeland-services.com\/\",\"name\":\"Homeland Services\",\"description\":\"Expatriates&#039; Gardien Angel\",\"publisher\":{\"@id\":\"https:\/\/www.homeland-services.com\/#organization\"},\"potentialAction\":[{\"@type\":\"SearchAction\",\"target\":{\"@type\":\"EntryPoint\",\"urlTemplate\":\"https:\/\/www.homeland-services.com\/?s={search_term_string}\"},\"query-input\":\"required name=search_term_string\"}],\"inLanguage\":\"fr-FR\"},{\"@type\":\"ImageObject\",\"inLanguage\":\"fr-FR\",\"@id\":\"https:\/\/www.homeland-services.com\/en\/services\/#primaryimage\",\"url\":\"https:\/\/www.homeland-services.com\/wp-content\/uploads\/2012\/07\/Fotolia_28088209_S-e1424089579166.jpg\",\"contentUrl\":\"https:\/\/www.homeland-services.com\/wp-content\/uploads\/2012\/07\/Fotolia_28088209_S-e1424089579166.jpg\",\"width\":300,\"height\":175,\"caption\":\"Deux cl\u00e9s avec un porte-cl\u00e9 en forme de maison\"},{\"@type\":\"WebPage\",\"@id\":\"https:\/\/www.homeland-services.com\/en\/services\/#webpage\",\"url\":\"https:\/\/www.homeland-services.com\/en\/services\/\",\"name\":\"Services pour Expatri\u00e9s et Etrangers | Homeland Services\",\"isPartOf\":{\"@id\":\"https:\/\/www.homeland-services.com\/#website\"},\"primaryImageOfPage\":{\"@id\":\"https:\/\/www.homeland-services.com\/en\/services\/#primaryimage\"},\"datePublished\":\"2012-07-16T15:41:51+00:00\",\"dateModified\":\"2013-04-26T09:35:28+00:00\",\"description\":\"Assistance \u00e0 la location et \u00e0 la relocation. Intendance de r\u00e9sidence. \u00c9quipement et gestion de chantiers de r\u00e9novation. Contactez-vous pour un devis personnalis\u00e9.\",\"breadcrumb\":{\"@id\":\"https:\/\/www.homeland-services.com\/en\/services\/#breadcrumb\"},\"inLanguage\":\"fr-FR\",\"potentialAction\":[{\"@type\":\"ReadAction\",\"target\":[\"https:\/\/www.homeland-services.com\/en\/services\/\"]}]},{\"@type\":\"BreadcrumbList\",\"@id\":\"https:\/\/www.homeland-services.com\/en\/services\/#breadcrumb\",\"itemListElement\":[{\"@type\":\"ListItem\",\"position\":1,\"name\":\"Services\"}]}]}<\/script>\n<!-- \/ Yoast SEO plugin. -->","yoast_head_json":{"title":"Services pour Expatri\u00e9s et Etrangers | Homeland Services","description":"Assistance \u00e0 la location et \u00e0 la relocation. Intendance de r\u00e9sidence. \u00c9quipement et gestion de chantiers de r\u00e9novation. Contactez-vous pour un devis personnalis\u00e9.","robots":{"index":"index","follow":"follow","max-snippet":"max-snippet:-1","max-image-preview":"max-image-preview:large","max-video-preview":"max-video-preview:-1"},"canonical":"https:\/\/www.homeland-services.com\/en\/services\/","og_locale":"fr_FR","og_type":"article","og_title":"Services pour Expatri\u00e9s et Etrangers | Homeland Services","og_description":"Assistance \u00e0 la location et \u00e0 la relocation. Intendance de r\u00e9sidence. \u00c9quipement et gestion de chantiers de r\u00e9novation. Contactez-vous pour un devis personnalis\u00e9.","og_url":"https:\/\/www.homeland-services.com\/en\/services\/","og_site_name":"Homeland Services","article_publisher":"https:\/\/www.facebook.com\/HomelandServices\/","article_modified_time":"2013-04-26T09:35:28+00:00","og_image":[{"width":300,"height":175,"url":"https:\/\/www.homeland-services.com\/wp-content\/uploads\/2012\/07\/Fotolia_28088209_S-e1424089579166.jpg","type":"image\/jpeg"}],"schema":{"@context":"https:\/\/schema.org","@graph":[{"@type":"Organization","@id":"https:\/\/www.homeland-services.com\/#organization","name":"Homeland Services","url":"https:\/\/www.homeland-services.com\/","sameAs":["https:\/\/www.facebook.com\/HomelandServices\/"],"logo":{"@type":"ImageObject","inLanguage":"fr-FR","@id":"https:\/\/www.homeland-services.com\/#\/schema\/logo\/image\/","url":"https:\/\/www.homeland-services.com\/wp-content\/uploads\/2019\/01\/logo-homeland-services.png","contentUrl":"https:\/\/www.homeland-services.com\/wp-content\/uploads\/2019\/01\/logo-homeland-services.png","width":322,"height":77,"caption":"Homeland Services"},"image":{"@id":"https:\/\/www.homeland-services.com\/#\/schema\/logo\/image\/"}},{"@type":"WebSite","@id":"https:\/\/www.homeland-services.com\/#website","url":"https:\/\/www.homeland-services.com\/","name":"Homeland Services","description":"Expatriates&#039; Gardien Angel","publisher":{"@id":"https:\/\/www.homeland-services.com\/#organization"},"potentialAction":[{"@type":"SearchAction","target":{"@type":"EntryPoint","urlTemplate":"https:\/\/www.homeland-services.com\/?s={search_term_string}"},"query-input":"required name=search_term_string"}],"inLanguage":"fr-FR"},{"@type":"ImageObject","inLanguage":"fr-FR","@id":"https:\/\/www.homeland-services.com\/en\/services\/#primaryimage","url":"https:\/\/www.homeland-services.com\/wp-content\/uploads\/2012\/07\/Fotolia_28088209_S-e1424089579166.jpg","contentUrl":"https:\/\/www.homeland-services.com\/wp-content\/uploads\/2012\/07\/Fotolia_28088209_S-e1424089579166.jpg","width":300,"height":175,"caption":"Deux cl\u00e9s avec un porte-cl\u00e9 en forme de maison"},{"@type":"WebPage","@id":"https:\/\/www.homeland-services.com\/en\/services\/#webpage","url":"https:\/\/www.homeland-services.com\/en\/services\/","name":"Services pour Expatri\u00e9s et Etrangers | Homeland Services","isPartOf":{"@id":"https:\/\/www.homeland-services.com\/#website"},"primaryImageOfPage":{"@id":"https:\/\/www.homeland-services.com\/en\/services\/#primaryimage"},"datePublished":"2012-07-16T15:41:51+00:00","dateModified":"2013-04-26T09:35:28+00:00","description":"Assistance \u00e0 la location et \u00e0 la relocation. Intendance de r\u00e9sidence. \u00c9quipement et gestion de chantiers de r\u00e9novation. Contactez-vous pour un devis personnalis\u00e9.","breadcrumb":{"@id":"https:\/\/www.homeland-services.com\/en\/services\/#breadcrumb"},"inLanguage":"fr-FR","potentialAction":[{"@type":"ReadAction","target":["https:\/\/www.homeland-services.com\/en\/services\/"]}]},{"@type":"BreadcrumbList","@id":"https:\/\/www.homeland-services.com\/en\/services\/#breadcrumb","itemListElement":[{"@type":"ListItem","position":1,"name":"Services"}]}]}},"_links":{"self":[{"href":"https:\/\/www.homeland-services.com\/en\/wp-json\/wp\/v2\/pages\/8"}],"collection":[{"href":"https:\/\/www.homeland-services.com\/en\/wp-json\/wp\/v2\/pages"}],"about":[{"href":"https:\/\/www.homeland-services.com\/en\/wp-json\/wp\/v2\/types\/page"}],"author":[{"embeddable":true,"href":"https:\/\/www.homeland-services.com\/en\/wp-json\/wp\/v2\/users\/1"}],"replies":[{"embeddable":true,"href":"https:\/\/www.homeland-services.com\/en\/wp-json\/wp\/v2\/comments?post=8"}],"version-history":[{"count":14,"href":"https:\/\/www.homeland-services.com\/en\/wp-json\/wp\/v2\/pages\/8\/revisions"}],"predecessor-version":[{"id":112,"href":"https:\/\/www.homeland-services.com\/en\/wp-json\/wp\/v2\/pages\/8\/revisions\/112"}],"wp:featuredmedia":[{"embeddable":true,"href":"https:\/\/www.homeland-services.com\/en\/wp-json\/wp\/v2\/media\/274"}],"wp:attachment":[{"href":"https:\/\/www.homeland-services.com\/en\/wp-json\/wp\/v2\/media?parent=8"}],"curies":[{"name":"wp","href":"https:\/\/api.w.org\/{rel}","templated":true}]}}