{"id":70,"date":"2012-07-17T13:20:37","date_gmt":"2012-07-17T11:20:37","guid":{"rendered":"http:\/\/localhost\/homeland_wp\/?page_id=70"},"modified":"2020-12-08T13:49:47","modified_gmt":"2020-12-08T12:49:47","slug":"france-expatries","status":"publish","type":"page","link":"https:\/\/www.homeland-services.com\/en\/partenaires\/france-expatries\/","title":{"rendered":"France Expatri\u00e9s"},"content":{"rendered":"<p>France-Expatri\u00e9s est aujourd\u2019hui le Centre de r\u00e9f\u00e9rence pour l\u2019expatriation.<br \/>\nCandidat au d\u00e9part ou fran\u00e7ais d\u00e9j\u00e0 install\u00e9 \u00e0 l\u2019\u00e9tranger, b\u00e9n\u00e9ficiez de l\u2019exp\u00e9rience et les r\u00e9f\u00e9rences de France-Expatri\u00e9s : informations et \u00e9ditions d\u2019ouvrages pour expatri\u00e9s et DRH, conseil et formations au d\u00e9part pour les candidats \u00e0 la mobilit\u00e9 internationale, r\u00e9gie publicitaire off et on-line pour les annonceurs\u2026<\/p>\n","protected":false},"excerpt":{"rendered":"<p>France-Expatri\u00e9s d\u00e9veloppe depuis bient\u00f4t 15 ans des activit\u00e9s dans le domaine de la mobilit\u00e9 internationale.<\/p>\n","protected":false},"author":1,"featured_media":73,"parent":14,"menu_order":0,"comment_status":"closed","ping_status":"closed","template":"","meta":[],"yoast_head":"<!-- This site is optimized with the Yoast SEO plugin v18.9 - https:\/\/yoast.com\/wordpress\/plugins\/seo\/ -->\n<title>France Expatri\u00e9s - Homeland Services<\/title>\n<meta name=\"robots\" content=\"index, follow, max-snippet:-1, max-image-preview:large, max-video-preview:-1\" \/>\n<link rel=\"canonical\" href=\"https:\/\/www.homeland-services.com\/partenaires\/france-expatries\/\" \/>\n<meta property=\"og:locale\" content=\"fr_FR\" \/>\n<meta property=\"og:type\" content=\"article\" \/>\n<meta property=\"og:title\" content=\"France Expatri\u00e9s - Homeland Services\" \/>\n<meta property=\"og:description\" content=\"France-Expatri\u00e9s d\u00e9veloppe depuis bient\u00f4t 15 ans des activit\u00e9s dans le domaine de la mobilit\u00e9 internationale.\" \/>\n<meta property=\"og:url\" content=\"https:\/\/www.homeland-services.com\/partenaires\/france-expatries\/\" \/>\n<meta property=\"og:site_name\" content=\"Homeland Services\" \/>\n<meta property=\"article:publisher\" content=\"https:\/\/www.facebook.com\/HomelandServices\/\" \/>\n<meta property=\"article:modified_time\" content=\"2020-12-08T12:49:47+00:00\" \/>\n<meta property=\"og:image\" content=\"https:\/\/www.homeland-services.com\/wp-content\/uploads\/2012\/07\/logo-france-expatries.jpg\" \/>\n\t<meta property=\"og:image:width\" content=\"392\" \/>\n\t<meta property=\"og:image:height\" content=\"246\" \/>\n\t<meta property=\"og:image:type\" content=\"image\/jpeg\" \/>\n<script type=\"application\/ld+json\" class=\"yoast-schema-graph\">{\"@context\":\"https:\/\/schema.org\",\"@graph\":[{\"@type\":\"Organization\",\"@id\":\"https:\/\/www.homeland-services.com\/#organization\",\"name\":\"Homeland Services\",\"url\":\"https:\/\/www.homeland-services.com\/\",\"sameAs\":[\"https:\/\/www.facebook.com\/HomelandServices\/\"],\"logo\":{\"@type\":\"ImageObject\",\"inLanguage\":\"fr-FR\",\"@id\":\"https:\/\/www.homeland-services.com\/#\/schema\/logo\/image\/\",\"url\":\"https:\/\/www.homeland-services.com\/wp-content\/uploads\/2019\/01\/logo-homeland-services.png\",\"contentUrl\":\"https:\/\/www.homeland-services.com\/wp-content\/uploads\/2019\/01\/logo-homeland-services.png\",\"width\":322,\"height\":77,\"caption\":\"Homeland Services\"},\"image\":{\"@id\":\"https:\/\/www.homeland-services.com\/#\/schema\/logo\/image\/\"}},{\"@type\":\"WebSite\",\"@id\":\"https:\/\/www.homeland-services.com\/#website\",\"url\":\"https:\/\/www.homeland-services.com\/\",\"name\":\"Homeland Services\",\"description\":\"Expatriates&#039; Gardien Angel\",\"publisher\":{\"@id\":\"https:\/\/www.homeland-services.com\/#organization\"},\"potentialAction\":[{\"@type\":\"SearchAction\",\"target\":{\"@type\":\"EntryPoint\",\"urlTemplate\":\"https:\/\/www.homeland-services.com\/?s={search_term_string}\"},\"query-input\":\"required name=search_term_string\"}],\"inLanguage\":\"fr-FR\"},{\"@type\":\"ImageObject\",\"inLanguage\":\"fr-FR\",\"@id\":\"https:\/\/www.homeland-services.com\/partenaires\/france-expatries\/#primaryimage\",\"url\":\"https:\/\/www.homeland-services.com\/wp-content\/uploads\/2012\/07\/logo-france-expatries.jpg\",\"contentUrl\":\"https:\/\/www.homeland-services.com\/wp-content\/uploads\/2012\/07\/logo-france-expatries.jpg\",\"width\":\"392\",\"height\":\"246\",\"caption\":\"Logo France Expatri\u00e9s\"},{\"@type\":\"WebPage\",\"@id\":\"https:\/\/www.homeland-services.com\/partenaires\/france-expatries\/#webpage\",\"url\":\"https:\/\/www.homeland-services.com\/partenaires\/france-expatries\/\",\"name\":\"France Expatri\u00e9s - Homeland Services\",\"isPartOf\":{\"@id\":\"https:\/\/www.homeland-services.com\/#website\"},\"primaryImageOfPage\":{\"@id\":\"https:\/\/www.homeland-services.com\/partenaires\/france-expatries\/#primaryimage\"},\"datePublished\":\"2012-07-17T11:20:37+00:00\",\"dateModified\":\"2020-12-08T12:49:47+00:00\",\"breadcrumb\":{\"@id\":\"https:\/\/www.homeland-services.com\/partenaires\/france-expatries\/#breadcrumb\"},\"inLanguage\":\"fr-FR\",\"potentialAction\":[{\"@type\":\"ReadAction\",\"target\":[\"https:\/\/www.homeland-services.com\/partenaires\/france-expatries\/\"]}]},{\"@type\":\"BreadcrumbList\",\"@id\":\"https:\/\/www.homeland-services.com\/partenaires\/france-expatries\/#breadcrumb\",\"itemListElement\":[{\"@type\":\"ListItem\",\"position\":1,\"name\":\"Partenaires\",\"item\":\"https:\/\/www.homeland-services.com\/partenaires\/\"},{\"@type\":\"ListItem\",\"position\":2,\"name\":\"France Expatri\u00e9s\"}]}]}<\/script>\n<!-- \/ Yoast SEO plugin. -->","yoast_head_json":{"title":"France Expatri\u00e9s - Homeland Services","robots":{"index":"index","follow":"follow","max-snippet":"max-snippet:-1","max-image-preview":"max-image-preview:large","max-video-preview":"max-video-preview:-1"},"canonical":"https:\/\/www.homeland-services.com\/partenaires\/france-expatries\/","og_locale":"fr_FR","og_type":"article","og_title":"France Expatri\u00e9s - Homeland Services","og_description":"France-Expatri\u00e9s d\u00e9veloppe depuis bient\u00f4t 15 ans des activit\u00e9s dans le domaine de la mobilit\u00e9 internationale.","og_url":"https:\/\/www.homeland-services.com\/partenaires\/france-expatries\/","og_site_name":"Homeland Services","article_publisher":"https:\/\/www.facebook.com\/HomelandServices\/","article_modified_time":"2020-12-08T12:49:47+00:00","og_image":[{"width":"392","height":"246","url":"https:\/\/www.homeland-services.com\/wp-content\/uploads\/2012\/07\/logo-france-expatries.jpg","type":"image\/jpeg"}],"schema":{"@context":"https:\/\/schema.org","@graph":[{"@type":"Organization","@id":"https:\/\/www.homeland-services.com\/#organization","name":"Homeland Services","url":"https:\/\/www.homeland-services.com\/","sameAs":["https:\/\/www.facebook.com\/HomelandServices\/"],"logo":{"@type":"ImageObject","inLanguage":"fr-FR","@id":"https:\/\/www.homeland-services.com\/#\/schema\/logo\/image\/","url":"https:\/\/www.homeland-services.com\/wp-content\/uploads\/2019\/01\/logo-homeland-services.png","contentUrl":"https:\/\/www.homeland-services.com\/wp-content\/uploads\/2019\/01\/logo-homeland-services.png","width":322,"height":77,"caption":"Homeland Services"},"image":{"@id":"https:\/\/www.homeland-services.com\/#\/schema\/logo\/image\/"}},{"@type":"WebSite","@id":"https:\/\/www.homeland-services.com\/#website","url":"https:\/\/www.homeland-services.com\/","name":"Homeland Services","description":"Expatriates&#039; Gardien Angel","publisher":{"@id":"https:\/\/www.homeland-services.com\/#organization"},"potentialAction":[{"@type":"SearchAction","target":{"@type":"EntryPoint","urlTemplate":"https:\/\/www.homeland-services.com\/?s={search_term_string}"},"query-input":"required name=search_term_string"}],"inLanguage":"fr-FR"},{"@type":"ImageObject","inLanguage":"fr-FR","@id":"https:\/\/www.homeland-services.com\/partenaires\/france-expatries\/#primaryimage","url":"https:\/\/www.homeland-services.com\/wp-content\/uploads\/2012\/07\/logo-france-expatries.jpg","contentUrl":"https:\/\/www.homeland-services.com\/wp-content\/uploads\/2012\/07\/logo-france-expatries.jpg","width":"392","height":"246","caption":"Logo France Expatri\u00e9s"},{"@type":"WebPage","@id":"https:\/\/www.homeland-services.com\/partenaires\/france-expatries\/#webpage","url":"https:\/\/www.homeland-services.com\/partenaires\/france-expatries\/","name":"France Expatri\u00e9s - Homeland Services","isPartOf":{"@id":"https:\/\/www.homeland-services.com\/#website"},"primaryImageOfPage":{"@id":"https:\/\/www.homeland-services.com\/partenaires\/france-expatries\/#primaryimage"},"datePublished":"2012-07-17T11:20:37+00:00","dateModified":"2020-12-08T12:49:47+00:00","breadcrumb":{"@id":"https:\/\/www.homeland-services.com\/partenaires\/france-expatries\/#breadcrumb"},"inLanguage":"fr-FR","potentialAction":[{"@type":"ReadAction","target":["https:\/\/www.homeland-services.com\/partenaires\/france-expatries\/"]}]},{"@type":"BreadcrumbList","@id":"https:\/\/www.homeland-services.com\/partenaires\/france-expatries\/#breadcrumb","itemListElement":[{"@type":"ListItem","position":1,"name":"Partenaires","item":"https:\/\/www.homeland-services.com\/partenaires\/"},{"@type":"ListItem","position":2,"name":"France Expatri\u00e9s"}]}]}},"_links":{"self":[{"href":"https:\/\/www.homeland-services.com\/en\/wp-json\/wp\/v2\/pages\/70"}],"collection":[{"href":"https:\/\/www.homeland-services.com\/en\/wp-json\/wp\/v2\/pages"}],"about":[{"href":"https:\/\/www.homeland-services.com\/en\/wp-json\/wp\/v2\/types\/page"}],"author":[{"embeddable":true,"href":"https:\/\/www.homeland-services.com\/en\/wp-json\/wp\/v2\/users\/1"}],"replies":[{"embeddable":true,"href":"https:\/\/www.homeland-services.com\/en\/wp-json\/wp\/v2\/comments?post=70"}],"version-history":[{"count":6,"href":"https:\/\/www.homeland-services.com\/en\/wp-json\/wp\/v2\/pages\/70\/revisions"}],"predecessor-version":[{"id":752,"href":"https:\/\/www.homeland-services.com\/en\/wp-json\/wp\/v2\/pages\/70\/revisions\/752"}],"up":[{"embeddable":true,"href":"https:\/\/www.homeland-services.com\/en\/wp-json\/wp\/v2\/pages\/14"}],"wp:featuredmedia":[{"embeddable":true,"href":"https:\/\/www.homeland-services.com\/en\/wp-json\/wp\/v2\/media\/73"}],"wp:attachment":[{"href":"https:\/\/www.homeland-services.com\/en\/wp-json\/wp\/v2\/media?parent=70"}],"curies":[{"name":"wp","href":"https:\/\/api.w.org\/{rel}","templated":true}]}}