{"id":6,"date":"2012-07-16T17:39:44","date_gmt":"2012-07-16T15:39:44","guid":{"rendered":"http:\/\/localhost\/homeland_wp\/?page_id=6"},"modified":"2013-04-26T11:26:23","modified_gmt":"2013-04-26T09:26:23","slug":"accueil","status":"publish","type":"page","link":"https:\/\/www.homeland-services.com\/en\/","title":{"rendered":"Home"},"content":{"rendered":"","protected":false},"excerpt":{"rendered":"","protected":false},"author":1,"featured_media":0,"parent":0,"menu_order":0,"comment_status":"closed","ping_status":"closed","template":"page-home.php","meta":[],"yoast_head":"<!-- This site is optimized with the Yoast SEO plugin v18.9 - https:\/\/yoast.com\/wordpress\/plugins\/seo\/ -->\n<title>Service pour Expatri\u00e9s | Conciergerie pour Entreprises &amp; Particuliers<\/title>\n<meta name=\"description\" content=\"Intendance de r\u00e9sidences en France pour expatri\u00e9s et \u00e9trangers. Conciergerie pour faciliter tous les aspects de votre vie quotidienne en France. Depuis 2005.\" \/>\n<meta name=\"robots\" content=\"index, follow, max-snippet:-1, max-image-preview:large, max-video-preview:-1\" \/>\n<link rel=\"canonical\" href=\"https:\/\/www.homeland-services.com\/\" \/>\n<meta property=\"og:locale\" content=\"fr_FR\" \/>\n<meta property=\"og:type\" content=\"article\" \/>\n<meta property=\"og:title\" content=\"Service pour Expatri\u00e9s | Conciergerie pour Entreprises &amp; Particuliers\" \/>\n<meta property=\"og:description\" content=\"Intendance de r\u00e9sidences en France pour expatri\u00e9s et \u00e9trangers. Conciergerie pour faciliter tous les aspects de votre vie quotidienne en France. Depuis 2005.\" \/>\n<meta property=\"og:url\" content=\"https:\/\/www.homeland-services.com\/\" \/>\n<meta property=\"og:site_name\" content=\"Homeland Services\" \/>\n<meta property=\"article:publisher\" content=\"https:\/\/www.facebook.com\/HomelandServices\/\" \/>\n<meta property=\"article:modified_time\" content=\"2013-04-26T09:26:23+00:00\" \/>\n<script type=\"application\/ld+json\" class=\"yoast-schema-graph\">{\"@context\":\"https:\/\/schema.org\",\"@graph\":[{\"@type\":\"Organization\",\"@id\":\"https:\/\/www.homeland-services.com\/#organization\",\"name\":\"Homeland Services\",\"url\":\"https:\/\/www.homeland-services.com\/\",\"sameAs\":[\"https:\/\/www.facebook.com\/HomelandServices\/\"],\"logo\":{\"@type\":\"ImageObject\",\"inLanguage\":\"fr-FR\",\"@id\":\"https:\/\/www.homeland-services.com\/#\/schema\/logo\/image\/\",\"url\":\"https:\/\/www.homeland-services.com\/wp-content\/uploads\/2019\/01\/logo-homeland-services.png\",\"contentUrl\":\"https:\/\/www.homeland-services.com\/wp-content\/uploads\/2019\/01\/logo-homeland-services.png\",\"width\":322,\"height\":77,\"caption\":\"Homeland Services\"},\"image\":{\"@id\":\"https:\/\/www.homeland-services.com\/#\/schema\/logo\/image\/\"}},{\"@type\":\"WebSite\",\"@id\":\"https:\/\/www.homeland-services.com\/#website\",\"url\":\"https:\/\/www.homeland-services.com\/\",\"name\":\"Homeland Services\",\"description\":\"Expatriates&#039; Gardien Angel\",\"publisher\":{\"@id\":\"https:\/\/www.homeland-services.com\/#organization\"},\"potentialAction\":[{\"@type\":\"SearchAction\",\"target\":{\"@type\":\"EntryPoint\",\"urlTemplate\":\"https:\/\/www.homeland-services.com\/?s={search_term_string}\"},\"query-input\":\"required name=search_term_string\"}],\"inLanguage\":\"fr-FR\"},{\"@type\":\"WebPage\",\"@id\":\"https:\/\/www.homeland-services.com\/#webpage\",\"url\":\"https:\/\/www.homeland-services.com\/\",\"name\":\"Service pour Expatri\u00e9s | Conciergerie pour Entreprises & Particuliers\",\"isPartOf\":{\"@id\":\"https:\/\/www.homeland-services.com\/#website\"},\"datePublished\":\"2012-07-16T15:39:44+00:00\",\"dateModified\":\"2013-04-26T09:26:23+00:00\",\"description\":\"Intendance de r\u00e9sidences en France pour expatri\u00e9s et \u00e9trangers. Conciergerie pour faciliter tous les aspects de votre vie quotidienne en France. Depuis 2005.\",\"breadcrumb\":{\"@id\":\"https:\/\/www.homeland-services.com\/#breadcrumb\"},\"inLanguage\":\"fr-FR\",\"potentialAction\":[{\"@type\":\"ReadAction\",\"target\":[\"https:\/\/www.homeland-services.com\/\"]}]},{\"@type\":\"BreadcrumbList\",\"@id\":\"https:\/\/www.homeland-services.com\/#breadcrumb\",\"itemListElement\":[{\"@type\":\"ListItem\",\"position\":1,\"name\":\"Accueil\"}]}]}<\/script>\n<!-- \/ Yoast SEO plugin. -->","yoast_head_json":{"title":"Service pour Expatri\u00e9s | Conciergerie pour Entreprises & Particuliers","description":"Intendance de r\u00e9sidences en France pour expatri\u00e9s et \u00e9trangers. Conciergerie pour faciliter tous les aspects de votre vie quotidienne en France. Depuis 2005.","robots":{"index":"index","follow":"follow","max-snippet":"max-snippet:-1","max-image-preview":"max-image-preview:large","max-video-preview":"max-video-preview:-1"},"canonical":"https:\/\/www.homeland-services.com\/","og_locale":"fr_FR","og_type":"article","og_title":"Service pour Expatri\u00e9s | Conciergerie pour Entreprises & Particuliers","og_description":"Intendance de r\u00e9sidences en France pour expatri\u00e9s et \u00e9trangers. Conciergerie pour faciliter tous les aspects de votre vie quotidienne en France. Depuis 2005.","og_url":"https:\/\/www.homeland-services.com\/","og_site_name":"Homeland Services","article_publisher":"https:\/\/www.facebook.com\/HomelandServices\/","article_modified_time":"2013-04-26T09:26:23+00:00","schema":{"@context":"https:\/\/schema.org","@graph":[{"@type":"Organization","@id":"https:\/\/www.homeland-services.com\/#organization","name":"Homeland Services","url":"https:\/\/www.homeland-services.com\/","sameAs":["https:\/\/www.facebook.com\/HomelandServices\/"],"logo":{"@type":"ImageObject","inLanguage":"fr-FR","@id":"https:\/\/www.homeland-services.com\/#\/schema\/logo\/image\/","url":"https:\/\/www.homeland-services.com\/wp-content\/uploads\/2019\/01\/logo-homeland-services.png","contentUrl":"https:\/\/www.homeland-services.com\/wp-content\/uploads\/2019\/01\/logo-homeland-services.png","width":322,"height":77,"caption":"Homeland Services"},"image":{"@id":"https:\/\/www.homeland-services.com\/#\/schema\/logo\/image\/"}},{"@type":"WebSite","@id":"https:\/\/www.homeland-services.com\/#website","url":"https:\/\/www.homeland-services.com\/","name":"Homeland Services","description":"Expatriates&#039; Gardien Angel","publisher":{"@id":"https:\/\/www.homeland-services.com\/#organization"},"potentialAction":[{"@type":"SearchAction","target":{"@type":"EntryPoint","urlTemplate":"https:\/\/www.homeland-services.com\/?s={search_term_string}"},"query-input":"required name=search_term_string"}],"inLanguage":"fr-FR"},{"@type":"WebPage","@id":"https:\/\/www.homeland-services.com\/#webpage","url":"https:\/\/www.homeland-services.com\/","name":"Service pour Expatri\u00e9s | Conciergerie pour Entreprises & Particuliers","isPartOf":{"@id":"https:\/\/www.homeland-services.com\/#website"},"datePublished":"2012-07-16T15:39:44+00:00","dateModified":"2013-04-26T09:26:23+00:00","description":"Intendance de r\u00e9sidences en France pour expatri\u00e9s et \u00e9trangers. Conciergerie pour faciliter tous les aspects de votre vie quotidienne en France. Depuis 2005.","breadcrumb":{"@id":"https:\/\/www.homeland-services.com\/#breadcrumb"},"inLanguage":"fr-FR","potentialAction":[{"@type":"ReadAction","target":["https:\/\/www.homeland-services.com\/"]}]},{"@type":"BreadcrumbList","@id":"https:\/\/www.homeland-services.com\/#breadcrumb","itemListElement":[{"@type":"ListItem","position":1,"name":"Accueil"}]}]}},"_links":{"self":[{"href":"https:\/\/www.homeland-services.com\/en\/wp-json\/wp\/v2\/pages\/6"}],"collection":[{"href":"https:\/\/www.homeland-services.com\/en\/wp-json\/wp\/v2\/pages"}],"about":[{"href":"https:\/\/www.homeland-services.com\/en\/wp-json\/wp\/v2\/types\/page"}],"author":[{"embeddable":true,"href":"https:\/\/www.homeland-services.com\/en\/wp-json\/wp\/v2\/users\/1"}],"replies":[{"embeddable":true,"href":"https:\/\/www.homeland-services.com\/en\/wp-json\/wp\/v2\/comments?post=6"}],"version-history":[{"count":4,"href":"https:\/\/www.homeland-services.com\/en\/wp-json\/wp\/v2\/pages\/6\/revisions"}],"predecessor-version":[{"id":319,"href":"https:\/\/www.homeland-services.com\/en\/wp-json\/wp\/v2\/pages\/6\/revisions\/319"}],"wp:attachment":[{"href":"https:\/\/www.homeland-services.com\/en\/wp-json\/wp\/v2\/media?parent=6"}],"curies":[{"name":"wp","href":"https:\/\/api.w.org\/{rel}","templated":true}]}}