{"id":49,"date":"2012-07-17T12:09:23","date_gmt":"2012-07-17T10:09:23","guid":{"rendered":"http:\/\/localhost\/homeland_wp\/?page_id=49"},"modified":"2020-02-19T14:49:06","modified_gmt":"2020-02-19T13:49:06","slug":"nos-autres-interventions","status":"publish","type":"page","link":"https:\/\/www.homeland-services.com\/en\/services\/nos-autres-interventions\/","title":{"rendered":"Our other interventions"},"content":{"rendered":"<h2>Equipment of a mansion (linens, dishes, appliances)<\/h2>\n<ul>\n<li>Precise details of requirements by the owner,<\/li>\n<li>Establish a check list and an estimated budget,<\/li>\n<li>Purchases (from the spoon to the dryer through the laundry required in all rooms and bathrooms),<\/li>\n<li>Organization and management of deliveries,<\/li>\n<li>Point by Point check against checklist,<\/li>\n<li>Receiving, arranging and storing,<\/li>\n<li>Budget reporting,<\/li>\n<li>Checking the telephone and Internet.<\/li>\n<\/ul>\n<h2>Relocation of two colleagues, American and Spanish, a major French company, hired for a senior position in Paris<\/h2>\n<ul>\n<li>Apartment Search (assisted by our partner real estate),<\/li>\n<li>Organization of the move,<\/li>\n<li>Logistical assistance for moving into the apartment,<\/li>\n<li>Assistance with administrative formalities: opening a bank account, Navigo pass, linking with Fiscalists International Lawyers for tax returns.<\/li>\n<\/ul>\n<h2>Organization of the move and set-up of furniture of a mansion of 450 m\u00b2<\/h2>\n<h2>Complete professional cleaning of a duplex of 470 m\u00b2 for sale that had not been occupied for 30 years<\/h2>\n","protected":false},"excerpt":{"rendered":"<p>At the request of our customers, we have made special services.<\/p>\n","protected":false},"author":1,"featured_media":0,"parent":8,"menu_order":0,"comment_status":"closed","ping_status":"closed","template":"","meta":[],"yoast_head":"<!-- This site is optimized with the Yoast SEO plugin v18.9 - https:\/\/yoast.com\/wordpress\/plugins\/seo\/ -->\n<title>Nos autres interventions pour expatri\u00e9s | Homeland Services<\/title>\n<meta name=\"description\" content=\"Recherche d\u2019appartement, Organisation de d\u00e9m\u00e9nagement, Assistance \u00e0 la logistique pour l\u2019installation, Gestion de r\u00e9novations. Contactez-nous pour un devis.\" \/>\n<meta name=\"robots\" content=\"index, follow, max-snippet:-1, max-image-preview:large, max-video-preview:-1\" \/>\n<link rel=\"canonical\" href=\"https:\/\/www.homeland-services.com\/en\/services\/nos-autres-interventions\/\" \/>\n<meta property=\"og:locale\" content=\"fr_FR\" \/>\n<meta property=\"og:type\" content=\"article\" \/>\n<meta property=\"og:title\" content=\"Nos autres interventions pour expatri\u00e9s | Homeland Services\" \/>\n<meta property=\"og:description\" content=\"Recherche d\u2019appartement, Organisation de d\u00e9m\u00e9nagement, Assistance \u00e0 la logistique pour l\u2019installation, Gestion de r\u00e9novations. Contactez-nous pour un devis.\" \/>\n<meta property=\"og:url\" content=\"https:\/\/www.homeland-services.com\/en\/services\/nos-autres-interventions\/\" \/>\n<meta property=\"og:site_name\" content=\"Homeland Services\" \/>\n<meta property=\"article:publisher\" content=\"https:\/\/www.facebook.com\/HomelandServices\/\" \/>\n<meta property=\"article:modified_time\" content=\"2020-02-19T13:49:06+00:00\" \/>\n<meta name=\"twitter:label1\" content=\"Dur\u00e9e de lecture estim\u00e9e\" \/>\n\t<meta name=\"twitter:data1\" content=\"1 minute\" \/>\n<script type=\"application\/ld+json\" class=\"yoast-schema-graph\">{\"@context\":\"https:\/\/schema.org\",\"@graph\":[{\"@type\":\"Organization\",\"@id\":\"https:\/\/www.homeland-services.com\/#organization\",\"name\":\"Homeland Services\",\"url\":\"https:\/\/www.homeland-services.com\/\",\"sameAs\":[\"https:\/\/www.facebook.com\/HomelandServices\/\"],\"logo\":{\"@type\":\"ImageObject\",\"inLanguage\":\"fr-FR\",\"@id\":\"https:\/\/www.homeland-services.com\/#\/schema\/logo\/image\/\",\"url\":\"https:\/\/www.homeland-services.com\/wp-content\/uploads\/2019\/01\/logo-homeland-services.png\",\"contentUrl\":\"https:\/\/www.homeland-services.com\/wp-content\/uploads\/2019\/01\/logo-homeland-services.png\",\"width\":322,\"height\":77,\"caption\":\"Homeland Services\"},\"image\":{\"@id\":\"https:\/\/www.homeland-services.com\/#\/schema\/logo\/image\/\"}},{\"@type\":\"WebSite\",\"@id\":\"https:\/\/www.homeland-services.com\/#website\",\"url\":\"https:\/\/www.homeland-services.com\/\",\"name\":\"Homeland Services\",\"description\":\"Expatriates&#039; Gardien Angel\",\"publisher\":{\"@id\":\"https:\/\/www.homeland-services.com\/#organization\"},\"potentialAction\":[{\"@type\":\"SearchAction\",\"target\":{\"@type\":\"EntryPoint\",\"urlTemplate\":\"https:\/\/www.homeland-services.com\/?s={search_term_string}\"},\"query-input\":\"required name=search_term_string\"}],\"inLanguage\":\"fr-FR\"},{\"@type\":\"WebPage\",\"@id\":\"https:\/\/www.homeland-services.com\/en\/services\/nos-autres-interventions\/#webpage\",\"url\":\"https:\/\/www.homeland-services.com\/en\/services\/nos-autres-interventions\/\",\"name\":\"Nos autres interventions pour expatri\u00e9s | Homeland Services\",\"isPartOf\":{\"@id\":\"https:\/\/www.homeland-services.com\/#website\"},\"datePublished\":\"2012-07-17T10:09:23+00:00\",\"dateModified\":\"2020-02-19T13:49:06+00:00\",\"description\":\"Recherche d\u2019appartement, Organisation de d\u00e9m\u00e9nagement, Assistance \u00e0 la logistique pour l\u2019installation, Gestion de r\u00e9novations. Contactez-nous pour un devis.\",\"breadcrumb\":{\"@id\":\"https:\/\/www.homeland-services.com\/en\/services\/nos-autres-interventions\/#breadcrumb\"},\"inLanguage\":\"fr-FR\",\"potentialAction\":[{\"@type\":\"ReadAction\",\"target\":[\"https:\/\/www.homeland-services.com\/en\/services\/nos-autres-interventions\/\"]}]},{\"@type\":\"BreadcrumbList\",\"@id\":\"https:\/\/www.homeland-services.com\/en\/services\/nos-autres-interventions\/#breadcrumb\",\"itemListElement\":[{\"@type\":\"ListItem\",\"position\":1,\"name\":\"Services\",\"item\":\"https:\/\/www.homeland-services.com\/en\/services\/\"},{\"@type\":\"ListItem\",\"position\":2,\"name\":\"Our other interventions\"}]}]}<\/script>\n<!-- \/ Yoast SEO plugin. -->","yoast_head_json":{"title":"Nos autres interventions pour expatri\u00e9s | Homeland Services","description":"Recherche d\u2019appartement, Organisation de d\u00e9m\u00e9nagement, Assistance \u00e0 la logistique pour l\u2019installation, Gestion de r\u00e9novations. Contactez-nous pour un devis.","robots":{"index":"index","follow":"follow","max-snippet":"max-snippet:-1","max-image-preview":"max-image-preview:large","max-video-preview":"max-video-preview:-1"},"canonical":"https:\/\/www.homeland-services.com\/en\/services\/nos-autres-interventions\/","og_locale":"fr_FR","og_type":"article","og_title":"Nos autres interventions pour expatri\u00e9s | Homeland Services","og_description":"Recherche d\u2019appartement, Organisation de d\u00e9m\u00e9nagement, Assistance \u00e0 la logistique pour l\u2019installation, Gestion de r\u00e9novations. Contactez-nous pour un devis.","og_url":"https:\/\/www.homeland-services.com\/en\/services\/nos-autres-interventions\/","og_site_name":"Homeland Services","article_publisher":"https:\/\/www.facebook.com\/HomelandServices\/","article_modified_time":"2020-02-19T13:49:06+00:00","twitter_misc":{"Dur\u00e9e de lecture estim\u00e9e":"1 minute"},"schema":{"@context":"https:\/\/schema.org","@graph":[{"@type":"Organization","@id":"https:\/\/www.homeland-services.com\/#organization","name":"Homeland Services","url":"https:\/\/www.homeland-services.com\/","sameAs":["https:\/\/www.facebook.com\/HomelandServices\/"],"logo":{"@type":"ImageObject","inLanguage":"fr-FR","@id":"https:\/\/www.homeland-services.com\/#\/schema\/logo\/image\/","url":"https:\/\/www.homeland-services.com\/wp-content\/uploads\/2019\/01\/logo-homeland-services.png","contentUrl":"https:\/\/www.homeland-services.com\/wp-content\/uploads\/2019\/01\/logo-homeland-services.png","width":322,"height":77,"caption":"Homeland Services"},"image":{"@id":"https:\/\/www.homeland-services.com\/#\/schema\/logo\/image\/"}},{"@type":"WebSite","@id":"https:\/\/www.homeland-services.com\/#website","url":"https:\/\/www.homeland-services.com\/","name":"Homeland Services","description":"Expatriates&#039; Gardien Angel","publisher":{"@id":"https:\/\/www.homeland-services.com\/#organization"},"potentialAction":[{"@type":"SearchAction","target":{"@type":"EntryPoint","urlTemplate":"https:\/\/www.homeland-services.com\/?s={search_term_string}"},"query-input":"required name=search_term_string"}],"inLanguage":"fr-FR"},{"@type":"WebPage","@id":"https:\/\/www.homeland-services.com\/en\/services\/nos-autres-interventions\/#webpage","url":"https:\/\/www.homeland-services.com\/en\/services\/nos-autres-interventions\/","name":"Nos autres interventions pour expatri\u00e9s | Homeland Services","isPartOf":{"@id":"https:\/\/www.homeland-services.com\/#website"},"datePublished":"2012-07-17T10:09:23+00:00","dateModified":"2020-02-19T13:49:06+00:00","description":"Recherche d\u2019appartement, Organisation de d\u00e9m\u00e9nagement, Assistance \u00e0 la logistique pour l\u2019installation, Gestion de r\u00e9novations. Contactez-nous pour un devis.","breadcrumb":{"@id":"https:\/\/www.homeland-services.com\/en\/services\/nos-autres-interventions\/#breadcrumb"},"inLanguage":"fr-FR","potentialAction":[{"@type":"ReadAction","target":["https:\/\/www.homeland-services.com\/en\/services\/nos-autres-interventions\/"]}]},{"@type":"BreadcrumbList","@id":"https:\/\/www.homeland-services.com\/en\/services\/nos-autres-interventions\/#breadcrumb","itemListElement":[{"@type":"ListItem","position":1,"name":"Services","item":"https:\/\/www.homeland-services.com\/en\/services\/"},{"@type":"ListItem","position":2,"name":"Our other interventions"}]}]}},"_links":{"self":[{"href":"https:\/\/www.homeland-services.com\/en\/wp-json\/wp\/v2\/pages\/49"}],"collection":[{"href":"https:\/\/www.homeland-services.com\/en\/wp-json\/wp\/v2\/pages"}],"about":[{"href":"https:\/\/www.homeland-services.com\/en\/wp-json\/wp\/v2\/types\/page"}],"author":[{"embeddable":true,"href":"https:\/\/www.homeland-services.com\/en\/wp-json\/wp\/v2\/users\/1"}],"replies":[{"embeddable":true,"href":"https:\/\/www.homeland-services.com\/en\/wp-json\/wp\/v2\/comments?post=49"}],"version-history":[{"count":9,"href":"https:\/\/www.homeland-services.com\/en\/wp-json\/wp\/v2\/pages\/49\/revisions"}],"predecessor-version":[{"id":632,"href":"https:\/\/www.homeland-services.com\/en\/wp-json\/wp\/v2\/pages\/49\/revisions\/632"}],"up":[{"embeddable":true,"href":"https:\/\/www.homeland-services.com\/en\/wp-json\/wp\/v2\/pages\/8"}],"wp:attachment":[{"href":"https:\/\/www.homeland-services.com\/en\/wp-json\/wp\/v2\/media?parent=49"}],"curies":[{"name":"wp","href":"https:\/\/api.w.org\/{rel}","templated":true}]}}