{"id":42,"date":"2012-07-17T12:00:12","date_gmt":"2012-07-17T10:00:12","guid":{"rendered":"http:\/\/localhost\/homeland_wp\/?page_id=42"},"modified":"2020-02-19T14:48:14","modified_gmt":"2020-02-19T13:48:14","slug":"assistance-a-la-location","status":"publish","type":"page","link":"https:\/\/www.homeland-services.com\/en\/services\/assistance-a-la-location\/","title":{"rendered":"Rental Assistance"},"content":{"rendered":"<h2>Before renting:<\/h2>\n<ul>\n<li>Compliance requirements,<\/li>\n<li>Completion of repairs,<\/li>\n<li>Removal of personal effects,<\/li>\n<li>Preparation of bedding,<\/li>\n<li>Detailed inventory,<\/li>\n<li>Complete cleaning, laundry,<\/li>\n<li>Verifying the proper working condition of appliances,<\/li>\n<li>Renewal of equipment (eg used duvets, broken crockery \u2026)<\/li>\n<\/ul>\n<h2>Letting and tenant welcoming<\/h2>\n<ul>\n<li>Search for best-suited real estate partner to the property (especially for prestige homes),<\/li>\n<li>Inventory of fixtures,<\/li>\n<li>Completion of repairs, preparation of all bedding, detailed inventory, full housekeeping, laundry, checking the correct operational status of appliances,<\/li>\n<li>Handing of the keys,<\/li>\n<li>Instructions for the use of appliances,<\/li>\n<li>Detailed tour of the apartment,<\/li>\n<li>Special instructions.<\/li>\n<\/ul>\n<h2>During renting<\/h2>\n<p>Homeland Services is the partner of the tenant throughout the term of the lease.<\/p>\n<h2>After renting<\/h2>\n<ul>\n<li>Inspection and inventory before departure.<\/li>\n<li>Refurbishment of your residence before next rental.<\/li>\n<\/ul>\n","protected":false},"excerpt":{"rendered":"<p>You want to rent your home. We assist you from beginning to end.<\/p>\n","protected":false},"author":1,"featured_media":0,"parent":8,"menu_order":0,"comment_status":"closed","ping_status":"closed","template":"","meta":[],"yoast_head":"<!-- This site is optimized with the Yoast SEO plugin v18.9 - https:\/\/yoast.com\/wordpress\/plugins\/seo\/ -->\n<title>Vous souhaitez louer votre r\u00e9sidence en France? | Homeland Services<\/title>\n<meta name=\"description\" content=\"Homeland Services g\u00e8re l&#039;ensemble des \u00e9tapes pour vous faciliter la vie durant toute la dur\u00e9e du bail, vous assurant un revenu r\u00e9gulier en toute s\u00e9r\u00e9nit\u00e9.\" \/>\n<meta name=\"robots\" content=\"index, follow, max-snippet:-1, max-image-preview:large, max-video-preview:-1\" \/>\n<link rel=\"canonical\" href=\"https:\/\/www.homeland-services.com\/en\/services\/assistance-a-la-location\/\" \/>\n<meta property=\"og:locale\" content=\"fr_FR\" \/>\n<meta property=\"og:type\" content=\"article\" \/>\n<meta property=\"og:title\" content=\"Vous souhaitez louer votre r\u00e9sidence en France? | Homeland Services\" \/>\n<meta property=\"og:description\" content=\"Homeland Services g\u00e8re l&#039;ensemble des \u00e9tapes pour vous faciliter la vie durant toute la dur\u00e9e du bail, vous assurant un revenu r\u00e9gulier en toute s\u00e9r\u00e9nit\u00e9.\" \/>\n<meta property=\"og:url\" content=\"https:\/\/www.homeland-services.com\/en\/services\/assistance-a-la-location\/\" \/>\n<meta property=\"og:site_name\" content=\"Homeland Services\" \/>\n<meta property=\"article:publisher\" content=\"https:\/\/www.facebook.com\/HomelandServices\/\" \/>\n<meta property=\"article:modified_time\" content=\"2020-02-19T13:48:14+00:00\" \/>\n<meta name=\"twitter:label1\" content=\"Dur\u00e9e de lecture estim\u00e9e\" \/>\n\t<meta name=\"twitter:data1\" content=\"1 minute\" \/>\n<script type=\"application\/ld+json\" class=\"yoast-schema-graph\">{\"@context\":\"https:\/\/schema.org\",\"@graph\":[{\"@type\":\"Organization\",\"@id\":\"https:\/\/www.homeland-services.com\/#organization\",\"name\":\"Homeland Services\",\"url\":\"https:\/\/www.homeland-services.com\/\",\"sameAs\":[\"https:\/\/www.facebook.com\/HomelandServices\/\"],\"logo\":{\"@type\":\"ImageObject\",\"inLanguage\":\"fr-FR\",\"@id\":\"https:\/\/www.homeland-services.com\/#\/schema\/logo\/image\/\",\"url\":\"https:\/\/www.homeland-services.com\/wp-content\/uploads\/2019\/01\/logo-homeland-services.png\",\"contentUrl\":\"https:\/\/www.homeland-services.com\/wp-content\/uploads\/2019\/01\/logo-homeland-services.png\",\"width\":322,\"height\":77,\"caption\":\"Homeland Services\"},\"image\":{\"@id\":\"https:\/\/www.homeland-services.com\/#\/schema\/logo\/image\/\"}},{\"@type\":\"WebSite\",\"@id\":\"https:\/\/www.homeland-services.com\/#website\",\"url\":\"https:\/\/www.homeland-services.com\/\",\"name\":\"Homeland Services\",\"description\":\"Expatriates&#039; Gardien Angel\",\"publisher\":{\"@id\":\"https:\/\/www.homeland-services.com\/#organization\"},\"potentialAction\":[{\"@type\":\"SearchAction\",\"target\":{\"@type\":\"EntryPoint\",\"urlTemplate\":\"https:\/\/www.homeland-services.com\/?s={search_term_string}\"},\"query-input\":\"required name=search_term_string\"}],\"inLanguage\":\"fr-FR\"},{\"@type\":\"WebPage\",\"@id\":\"https:\/\/www.homeland-services.com\/en\/services\/assistance-a-la-location\/#webpage\",\"url\":\"https:\/\/www.homeland-services.com\/en\/services\/assistance-a-la-location\/\",\"name\":\"Vous souhaitez louer votre r\u00e9sidence en France? | Homeland Services\",\"isPartOf\":{\"@id\":\"https:\/\/www.homeland-services.com\/#website\"},\"datePublished\":\"2012-07-17T10:00:12+00:00\",\"dateModified\":\"2020-02-19T13:48:14+00:00\",\"description\":\"Homeland Services g\u00e8re l'ensemble des \u00e9tapes pour vous faciliter la vie durant toute la dur\u00e9e du bail, vous assurant un revenu r\u00e9gulier en toute s\u00e9r\u00e9nit\u00e9.\",\"breadcrumb\":{\"@id\":\"https:\/\/www.homeland-services.com\/en\/services\/assistance-a-la-location\/#breadcrumb\"},\"inLanguage\":\"fr-FR\",\"potentialAction\":[{\"@type\":\"ReadAction\",\"target\":[\"https:\/\/www.homeland-services.com\/en\/services\/assistance-a-la-location\/\"]}]},{\"@type\":\"BreadcrumbList\",\"@id\":\"https:\/\/www.homeland-services.com\/en\/services\/assistance-a-la-location\/#breadcrumb\",\"itemListElement\":[{\"@type\":\"ListItem\",\"position\":1,\"name\":\"Services\",\"item\":\"https:\/\/www.homeland-services.com\/en\/services\/\"},{\"@type\":\"ListItem\",\"position\":2,\"name\":\"Rental Assistance\"}]}]}<\/script>\n<!-- \/ Yoast SEO plugin. -->","yoast_head_json":{"title":"Vous souhaitez louer votre r\u00e9sidence en France? | Homeland Services","description":"Homeland Services g\u00e8re l'ensemble des \u00e9tapes pour vous faciliter la vie durant toute la dur\u00e9e du bail, vous assurant un revenu r\u00e9gulier en toute s\u00e9r\u00e9nit\u00e9.","robots":{"index":"index","follow":"follow","max-snippet":"max-snippet:-1","max-image-preview":"max-image-preview:large","max-video-preview":"max-video-preview:-1"},"canonical":"https:\/\/www.homeland-services.com\/en\/services\/assistance-a-la-location\/","og_locale":"fr_FR","og_type":"article","og_title":"Vous souhaitez louer votre r\u00e9sidence en France? | Homeland Services","og_description":"Homeland Services g\u00e8re l'ensemble des \u00e9tapes pour vous faciliter la vie durant toute la dur\u00e9e du bail, vous assurant un revenu r\u00e9gulier en toute s\u00e9r\u00e9nit\u00e9.","og_url":"https:\/\/www.homeland-services.com\/en\/services\/assistance-a-la-location\/","og_site_name":"Homeland Services","article_publisher":"https:\/\/www.facebook.com\/HomelandServices\/","article_modified_time":"2020-02-19T13:48:14+00:00","twitter_misc":{"Dur\u00e9e de lecture estim\u00e9e":"1 minute"},"schema":{"@context":"https:\/\/schema.org","@graph":[{"@type":"Organization","@id":"https:\/\/www.homeland-services.com\/#organization","name":"Homeland Services","url":"https:\/\/www.homeland-services.com\/","sameAs":["https:\/\/www.facebook.com\/HomelandServices\/"],"logo":{"@type":"ImageObject","inLanguage":"fr-FR","@id":"https:\/\/www.homeland-services.com\/#\/schema\/logo\/image\/","url":"https:\/\/www.homeland-services.com\/wp-content\/uploads\/2019\/01\/logo-homeland-services.png","contentUrl":"https:\/\/www.homeland-services.com\/wp-content\/uploads\/2019\/01\/logo-homeland-services.png","width":322,"height":77,"caption":"Homeland Services"},"image":{"@id":"https:\/\/www.homeland-services.com\/#\/schema\/logo\/image\/"}},{"@type":"WebSite","@id":"https:\/\/www.homeland-services.com\/#website","url":"https:\/\/www.homeland-services.com\/","name":"Homeland Services","description":"Expatriates&#039; Gardien Angel","publisher":{"@id":"https:\/\/www.homeland-services.com\/#organization"},"potentialAction":[{"@type":"SearchAction","target":{"@type":"EntryPoint","urlTemplate":"https:\/\/www.homeland-services.com\/?s={search_term_string}"},"query-input":"required name=search_term_string"}],"inLanguage":"fr-FR"},{"@type":"WebPage","@id":"https:\/\/www.homeland-services.com\/en\/services\/assistance-a-la-location\/#webpage","url":"https:\/\/www.homeland-services.com\/en\/services\/assistance-a-la-location\/","name":"Vous souhaitez louer votre r\u00e9sidence en France? | Homeland Services","isPartOf":{"@id":"https:\/\/www.homeland-services.com\/#website"},"datePublished":"2012-07-17T10:00:12+00:00","dateModified":"2020-02-19T13:48:14+00:00","description":"Homeland Services g\u00e8re l'ensemble des \u00e9tapes pour vous faciliter la vie durant toute la dur\u00e9e du bail, vous assurant un revenu r\u00e9gulier en toute s\u00e9r\u00e9nit\u00e9.","breadcrumb":{"@id":"https:\/\/www.homeland-services.com\/en\/services\/assistance-a-la-location\/#breadcrumb"},"inLanguage":"fr-FR","potentialAction":[{"@type":"ReadAction","target":["https:\/\/www.homeland-services.com\/en\/services\/assistance-a-la-location\/"]}]},{"@type":"BreadcrumbList","@id":"https:\/\/www.homeland-services.com\/en\/services\/assistance-a-la-location\/#breadcrumb","itemListElement":[{"@type":"ListItem","position":1,"name":"Services","item":"https:\/\/www.homeland-services.com\/en\/services\/"},{"@type":"ListItem","position":2,"name":"Rental Assistance"}]}]}},"_links":{"self":[{"href":"https:\/\/www.homeland-services.com\/en\/wp-json\/wp\/v2\/pages\/42"}],"collection":[{"href":"https:\/\/www.homeland-services.com\/en\/wp-json\/wp\/v2\/pages"}],"about":[{"href":"https:\/\/www.homeland-services.com\/en\/wp-json\/wp\/v2\/types\/page"}],"author":[{"embeddable":true,"href":"https:\/\/www.homeland-services.com\/en\/wp-json\/wp\/v2\/users\/1"}],"replies":[{"embeddable":true,"href":"https:\/\/www.homeland-services.com\/en\/wp-json\/wp\/v2\/comments?post=42"}],"version-history":[{"count":12,"href":"https:\/\/www.homeland-services.com\/en\/wp-json\/wp\/v2\/pages\/42\/revisions"}],"predecessor-version":[{"id":628,"href":"https:\/\/www.homeland-services.com\/en\/wp-json\/wp\/v2\/pages\/42\/revisions\/628"}],"up":[{"embeddable":true,"href":"https:\/\/www.homeland-services.com\/en\/wp-json\/wp\/v2\/pages\/8"}],"wp:attachment":[{"href":"https:\/\/www.homeland-services.com\/en\/wp-json\/wp\/v2\/media?parent=42"}],"curies":[{"name":"wp","href":"https:\/\/api.w.org\/{rel}","templated":true}]}}