{"id":40,"date":"2012-07-17T11:56:57","date_gmt":"2012-07-17T09:56:57","guid":{"rendered":"http:\/\/localhost\/homeland_wp\/?page_id=40"},"modified":"2020-02-19T14:48:46","modified_gmt":"2020-02-19T13:48:46","slug":"intendance-de-residence-home-manager","status":"publish","type":"page","link":"https:\/\/www.homeland-services.com\/en\/services\/intendance-de-residence-home-manager\/","title":{"rendered":"Residence Stewardship: \u00ab\u00a0Home Manager\u00a0\u00bb"},"content":{"rendered":"<ul>\n<li>Managing the owner\u2019s stays: starting heating and hot water tanks, arrival food and drinks restocking, housecleaning checkup.<\/li>\n<li>For maintenance or refurbishment, sourcing contractors, submit quotes and bids to the owner for approval and decision making.<\/li>\n<li>Regular site work checks, checking the contractor is working according to quote.<\/li>\n<li>Carry out work on specific problems: water damage, electrical short-circuit \u2026<\/li>\n<li>Through our network of providers selected by us, we can intervene effectively in a timely manner.<\/li>\n<li>Regular progress reporting of site work.<\/li>\n<li>Administrative management of various contracts: France Telecom, EDF \u2026<\/li>\n<li>Representing the owner at the general meeting of owners.<\/li>\n<li>Regular thorough house checks<\/li>\n<li>Garden maintenance.<\/li>\n<\/ul>\n","protected":false},"excerpt":{"rendered":"<p>Homeland Services adapts to the needs of its customers, to make their lives easier. Our services \u00ab\u00a0A la Carte\u00a0\u00bb guarantee a customized service and reasonable prices.<\/p>\n","protected":false},"author":1,"featured_media":0,"parent":8,"menu_order":0,"comment_status":"closed","ping_status":"closed","template":"","meta":[],"yoast_head":"<!-- This site is optimized with the Yoast SEO plugin v18.9 - https:\/\/yoast.com\/wordpress\/plugins\/seo\/ -->\n<title>Intendance de r\u00e9sidences en France | Homeland Services<\/title>\n<meta name=\"description\" content=\"Pour votre tranquillit\u00e9: pr\u00e9paration de la r\u00e9sidence avant vos s\u00e9jours, suivi de travaux, surveillance, gestion administrative et bien plus encore.\" \/>\n<meta name=\"robots\" content=\"index, follow, max-snippet:-1, max-image-preview:large, max-video-preview:-1\" \/>\n<link rel=\"canonical\" href=\"https:\/\/www.homeland-services.com\/en\/services\/intendance-de-residence-home-manager\/\" \/>\n<meta property=\"og:locale\" content=\"fr_FR\" \/>\n<meta property=\"og:type\" content=\"article\" \/>\n<meta property=\"og:title\" content=\"Intendance de r\u00e9sidences en France | Homeland Services\" \/>\n<meta property=\"og:description\" content=\"Pour votre tranquillit\u00e9: pr\u00e9paration de la r\u00e9sidence avant vos s\u00e9jours, suivi de travaux, surveillance, gestion administrative et bien plus encore.\" \/>\n<meta property=\"og:url\" content=\"https:\/\/www.homeland-services.com\/en\/services\/intendance-de-residence-home-manager\/\" \/>\n<meta property=\"og:site_name\" content=\"Homeland Services\" \/>\n<meta property=\"article:publisher\" content=\"https:\/\/www.facebook.com\/HomelandServices\/\" \/>\n<meta property=\"article:modified_time\" content=\"2020-02-19T13:48:46+00:00\" \/>\n<meta name=\"twitter:label1\" content=\"Dur\u00e9e de lecture estim\u00e9e\" \/>\n\t<meta name=\"twitter:data1\" content=\"1 minute\" \/>\n<script type=\"application\/ld+json\" class=\"yoast-schema-graph\">{\"@context\":\"https:\/\/schema.org\",\"@graph\":[{\"@type\":\"Organization\",\"@id\":\"https:\/\/www.homeland-services.com\/#organization\",\"name\":\"Homeland Services\",\"url\":\"https:\/\/www.homeland-services.com\/\",\"sameAs\":[\"https:\/\/www.facebook.com\/HomelandServices\/\"],\"logo\":{\"@type\":\"ImageObject\",\"inLanguage\":\"fr-FR\",\"@id\":\"https:\/\/www.homeland-services.com\/#\/schema\/logo\/image\/\",\"url\":\"https:\/\/www.homeland-services.com\/wp-content\/uploads\/2019\/01\/logo-homeland-services.png\",\"contentUrl\":\"https:\/\/www.homeland-services.com\/wp-content\/uploads\/2019\/01\/logo-homeland-services.png\",\"width\":322,\"height\":77,\"caption\":\"Homeland Services\"},\"image\":{\"@id\":\"https:\/\/www.homeland-services.com\/#\/schema\/logo\/image\/\"}},{\"@type\":\"WebSite\",\"@id\":\"https:\/\/www.homeland-services.com\/#website\",\"url\":\"https:\/\/www.homeland-services.com\/\",\"name\":\"Homeland Services\",\"description\":\"Expatriates&#039; Gardien Angel\",\"publisher\":{\"@id\":\"https:\/\/www.homeland-services.com\/#organization\"},\"potentialAction\":[{\"@type\":\"SearchAction\",\"target\":{\"@type\":\"EntryPoint\",\"urlTemplate\":\"https:\/\/www.homeland-services.com\/?s={search_term_string}\"},\"query-input\":\"required name=search_term_string\"}],\"inLanguage\":\"fr-FR\"},{\"@type\":\"WebPage\",\"@id\":\"https:\/\/www.homeland-services.com\/en\/services\/intendance-de-residence-home-manager\/#webpage\",\"url\":\"https:\/\/www.homeland-services.com\/en\/services\/intendance-de-residence-home-manager\/\",\"name\":\"Intendance de r\u00e9sidences en France | Homeland Services\",\"isPartOf\":{\"@id\":\"https:\/\/www.homeland-services.com\/#website\"},\"datePublished\":\"2012-07-17T09:56:57+00:00\",\"dateModified\":\"2020-02-19T13:48:46+00:00\",\"description\":\"Pour votre tranquillit\u00e9: pr\u00e9paration de la r\u00e9sidence avant vos s\u00e9jours, suivi de travaux, surveillance, gestion administrative et bien plus encore.\",\"breadcrumb\":{\"@id\":\"https:\/\/www.homeland-services.com\/en\/services\/intendance-de-residence-home-manager\/#breadcrumb\"},\"inLanguage\":\"fr-FR\",\"potentialAction\":[{\"@type\":\"ReadAction\",\"target\":[\"https:\/\/www.homeland-services.com\/en\/services\/intendance-de-residence-home-manager\/\"]}]},{\"@type\":\"BreadcrumbList\",\"@id\":\"https:\/\/www.homeland-services.com\/en\/services\/intendance-de-residence-home-manager\/#breadcrumb\",\"itemListElement\":[{\"@type\":\"ListItem\",\"position\":1,\"name\":\"Services\",\"item\":\"https:\/\/www.homeland-services.com\/en\/services\/\"},{\"@type\":\"ListItem\",\"position\":2,\"name\":\"Residence Stewardship: \u00ab\u00a0Home Manager\u00a0\u00bb\"}]}]}<\/script>\n<!-- \/ Yoast SEO plugin. -->","yoast_head_json":{"title":"Intendance de r\u00e9sidences en France | Homeland Services","description":"Pour votre tranquillit\u00e9: pr\u00e9paration de la r\u00e9sidence avant vos s\u00e9jours, suivi de travaux, surveillance, gestion administrative et bien plus encore.","robots":{"index":"index","follow":"follow","max-snippet":"max-snippet:-1","max-image-preview":"max-image-preview:large","max-video-preview":"max-video-preview:-1"},"canonical":"https:\/\/www.homeland-services.com\/en\/services\/intendance-de-residence-home-manager\/","og_locale":"fr_FR","og_type":"article","og_title":"Intendance de r\u00e9sidences en France | Homeland Services","og_description":"Pour votre tranquillit\u00e9: pr\u00e9paration de la r\u00e9sidence avant vos s\u00e9jours, suivi de travaux, surveillance, gestion administrative et bien plus encore.","og_url":"https:\/\/www.homeland-services.com\/en\/services\/intendance-de-residence-home-manager\/","og_site_name":"Homeland Services","article_publisher":"https:\/\/www.facebook.com\/HomelandServices\/","article_modified_time":"2020-02-19T13:48:46+00:00","twitter_misc":{"Dur\u00e9e de lecture estim\u00e9e":"1 minute"},"schema":{"@context":"https:\/\/schema.org","@graph":[{"@type":"Organization","@id":"https:\/\/www.homeland-services.com\/#organization","name":"Homeland Services","url":"https:\/\/www.homeland-services.com\/","sameAs":["https:\/\/www.facebook.com\/HomelandServices\/"],"logo":{"@type":"ImageObject","inLanguage":"fr-FR","@id":"https:\/\/www.homeland-services.com\/#\/schema\/logo\/image\/","url":"https:\/\/www.homeland-services.com\/wp-content\/uploads\/2019\/01\/logo-homeland-services.png","contentUrl":"https:\/\/www.homeland-services.com\/wp-content\/uploads\/2019\/01\/logo-homeland-services.png","width":322,"height":77,"caption":"Homeland Services"},"image":{"@id":"https:\/\/www.homeland-services.com\/#\/schema\/logo\/image\/"}},{"@type":"WebSite","@id":"https:\/\/www.homeland-services.com\/#website","url":"https:\/\/www.homeland-services.com\/","name":"Homeland Services","description":"Expatriates&#039; Gardien Angel","publisher":{"@id":"https:\/\/www.homeland-services.com\/#organization"},"potentialAction":[{"@type":"SearchAction","target":{"@type":"EntryPoint","urlTemplate":"https:\/\/www.homeland-services.com\/?s={search_term_string}"},"query-input":"required name=search_term_string"}],"inLanguage":"fr-FR"},{"@type":"WebPage","@id":"https:\/\/www.homeland-services.com\/en\/services\/intendance-de-residence-home-manager\/#webpage","url":"https:\/\/www.homeland-services.com\/en\/services\/intendance-de-residence-home-manager\/","name":"Intendance de r\u00e9sidences en France | Homeland Services","isPartOf":{"@id":"https:\/\/www.homeland-services.com\/#website"},"datePublished":"2012-07-17T09:56:57+00:00","dateModified":"2020-02-19T13:48:46+00:00","description":"Pour votre tranquillit\u00e9: pr\u00e9paration de la r\u00e9sidence avant vos s\u00e9jours, suivi de travaux, surveillance, gestion administrative et bien plus encore.","breadcrumb":{"@id":"https:\/\/www.homeland-services.com\/en\/services\/intendance-de-residence-home-manager\/#breadcrumb"},"inLanguage":"fr-FR","potentialAction":[{"@type":"ReadAction","target":["https:\/\/www.homeland-services.com\/en\/services\/intendance-de-residence-home-manager\/"]}]},{"@type":"BreadcrumbList","@id":"https:\/\/www.homeland-services.com\/en\/services\/intendance-de-residence-home-manager\/#breadcrumb","itemListElement":[{"@type":"ListItem","position":1,"name":"Services","item":"https:\/\/www.homeland-services.com\/en\/services\/"},{"@type":"ListItem","position":2,"name":"Residence Stewardship: \u00ab\u00a0Home Manager\u00a0\u00bb"}]}]}},"_links":{"self":[{"href":"https:\/\/www.homeland-services.com\/en\/wp-json\/wp\/v2\/pages\/40"}],"collection":[{"href":"https:\/\/www.homeland-services.com\/en\/wp-json\/wp\/v2\/pages"}],"about":[{"href":"https:\/\/www.homeland-services.com\/en\/wp-json\/wp\/v2\/types\/page"}],"author":[{"embeddable":true,"href":"https:\/\/www.homeland-services.com\/en\/wp-json\/wp\/v2\/users\/1"}],"replies":[{"embeddable":true,"href":"https:\/\/www.homeland-services.com\/en\/wp-json\/wp\/v2\/comments?post=40"}],"version-history":[{"count":12,"href":"https:\/\/www.homeland-services.com\/en\/wp-json\/wp\/v2\/pages\/40\/revisions"}],"predecessor-version":[{"id":630,"href":"https:\/\/www.homeland-services.com\/en\/wp-json\/wp\/v2\/pages\/40\/revisions\/630"}],"up":[{"embeddable":true,"href":"https:\/\/www.homeland-services.com\/en\/wp-json\/wp\/v2\/pages\/8"}],"wp:attachment":[{"href":"https:\/\/www.homeland-services.com\/en\/wp-json\/wp\/v2\/media?parent=40"}],"curies":[{"name":"wp","href":"https:\/\/api.w.org\/{rel}","templated":true}]}}