{"id":227,"date":"2012-10-12T17:16:55","date_gmt":"2012-10-12T15:16:55","guid":{"rendered":"http:\/\/www.homeland-services.com\/new\/?page_id=227"},"modified":"2020-02-19T14:44:16","modified_gmt":"2020-02-19T13:44:16","slug":"conciergerie-pour-les-particuliers","status":"publish","type":"page","link":"https:\/\/www.homeland-services.com\/en\/conciergerie\/conciergerie-pour-les-particuliers\/","title":{"rendered":"Private Concierge"},"content":{"rendered":"<h2>For your children<\/h2>\n<ul>\n<li>Babysitting<\/li>\n<li>Tutoring<\/li>\n<li>After school and school holiday activities and entertainment<\/li>\n<\/ul>\n<h2>Daily Life<\/h2>\n<ul>\n<li>Housekeeping needs, ie, cleaners, ironing, dry cleaning, shoe repair, mending<\/li>\n<li>Grocery shopping, wine delivery, champagne, flower and gift.<\/li>\n<li>Car wash and tune-up<\/li>\n<\/ul>\n<h2>Personal business management<\/h2>\n<ul>\n<li>Organizing and setting up a personal business plan<\/li>\n<li>Collecting packages and registered mail at the post office<\/li>\n<li>Forwarding your mail<\/li>\n<li>Setting up personal appointments<\/li>\n<\/ul>\n<h2>During your vacation<\/h2>\n<ul>\n<li>Regular house checks<\/li>\n<li>Garden maintenance<\/li>\n<li>Animal care pets<\/li>\n<\/ul>\n<h2>Your travel plans<\/h2>\n<ul>\n<li>Plan travel itineraries<\/li>\n<li>Book train and plane tickets<\/li>\n<li>Book hotels<\/li>\n<\/ul>\n<h2>Evening events<\/h2>\n<ul>\n<li>Book restaurants<\/li>\n<li>Book theatre tickets<\/li>\n<li>Plan parties, dinners, receptions<\/li>\n<\/ul>\n<p>These are not the only services offered and will adapt to the needs of the client.<\/p>\n","protected":false},"excerpt":{"rendered":"<p>You need help organizing your daily schedule.<br \/>\nHomeland Services can offer a number of services designed to make your life easier.<\/p>\n","protected":false},"author":1,"featured_media":0,"parent":10,"menu_order":0,"comment_status":"closed","ping_status":"closed","template":"","meta":[],"yoast_head":"<!-- This site is optimized with the Yoast SEO plugin v18.9 - https:\/\/yoast.com\/wordpress\/plugins\/seo\/ -->\n<title>Conciergerie pour les particuliers en France | Homeland Services<\/title>\n<meta name=\"description\" content=\"Besoin d\u2019aide pour g\u00e9rer votre quotidien ? Homeland Services vous facilite la vie: Baby-sitter, M\u00e9nage, Courses, D\u00e9marches administrative, Surveillance...\" \/>\n<meta name=\"robots\" content=\"index, follow, max-snippet:-1, max-image-preview:large, max-video-preview:-1\" \/>\n<link rel=\"canonical\" href=\"https:\/\/www.homeland-services.com\/conciergerie\/conciergerie-pour-les-particuliers\/\" \/>\n<meta property=\"og:locale\" content=\"fr_FR\" \/>\n<meta property=\"og:type\" content=\"article\" \/>\n<meta property=\"og:title\" content=\"Conciergerie pour les particuliers en France | Homeland Services\" \/>\n<meta property=\"og:description\" content=\"Besoin d\u2019aide pour g\u00e9rer votre quotidien ? Homeland Services vous facilite la vie: Baby-sitter, M\u00e9nage, Courses, D\u00e9marches administrative, Surveillance...\" \/>\n<meta property=\"og:url\" content=\"https:\/\/www.homeland-services.com\/conciergerie\/conciergerie-pour-les-particuliers\/\" \/>\n<meta property=\"og:site_name\" content=\"Homeland Services\" \/>\n<meta property=\"article:publisher\" content=\"https:\/\/www.facebook.com\/HomelandServices\/\" \/>\n<meta property=\"article:modified_time\" content=\"2020-02-19T13:44:16+00:00\" \/>\n<meta name=\"twitter:label1\" content=\"Dur\u00e9e de lecture estim\u00e9e\" \/>\n\t<meta name=\"twitter:data1\" content=\"1 minute\" \/>\n<script type=\"application\/ld+json\" class=\"yoast-schema-graph\">{\"@context\":\"https:\/\/schema.org\",\"@graph\":[{\"@type\":\"Organization\",\"@id\":\"https:\/\/www.homeland-services.com\/#organization\",\"name\":\"Homeland Services\",\"url\":\"https:\/\/www.homeland-services.com\/\",\"sameAs\":[\"https:\/\/www.facebook.com\/HomelandServices\/\"],\"logo\":{\"@type\":\"ImageObject\",\"inLanguage\":\"fr-FR\",\"@id\":\"https:\/\/www.homeland-services.com\/#\/schema\/logo\/image\/\",\"url\":\"https:\/\/www.homeland-services.com\/wp-content\/uploads\/2019\/01\/logo-homeland-services.png\",\"contentUrl\":\"https:\/\/www.homeland-services.com\/wp-content\/uploads\/2019\/01\/logo-homeland-services.png\",\"width\":322,\"height\":77,\"caption\":\"Homeland Services\"},\"image\":{\"@id\":\"https:\/\/www.homeland-services.com\/#\/schema\/logo\/image\/\"}},{\"@type\":\"WebSite\",\"@id\":\"https:\/\/www.homeland-services.com\/#website\",\"url\":\"https:\/\/www.homeland-services.com\/\",\"name\":\"Homeland Services\",\"description\":\"Expatriates&#039; Gardien Angel\",\"publisher\":{\"@id\":\"https:\/\/www.homeland-services.com\/#organization\"},\"potentialAction\":[{\"@type\":\"SearchAction\",\"target\":{\"@type\":\"EntryPoint\",\"urlTemplate\":\"https:\/\/www.homeland-services.com\/?s={search_term_string}\"},\"query-input\":\"required name=search_term_string\"}],\"inLanguage\":\"fr-FR\"},{\"@type\":\"WebPage\",\"@id\":\"https:\/\/www.homeland-services.com\/conciergerie\/conciergerie-pour-les-particuliers\/#webpage\",\"url\":\"https:\/\/www.homeland-services.com\/conciergerie\/conciergerie-pour-les-particuliers\/\",\"name\":\"Conciergerie pour les particuliers en France | Homeland Services\",\"isPartOf\":{\"@id\":\"https:\/\/www.homeland-services.com\/#website\"},\"datePublished\":\"2012-10-12T15:16:55+00:00\",\"dateModified\":\"2020-02-19T13:44:16+00:00\",\"description\":\"Besoin d\u2019aide pour g\u00e9rer votre quotidien ? Homeland Services vous facilite la vie: Baby-sitter, M\u00e9nage, Courses, D\u00e9marches administrative, Surveillance...\",\"breadcrumb\":{\"@id\":\"https:\/\/www.homeland-services.com\/conciergerie\/conciergerie-pour-les-particuliers\/#breadcrumb\"},\"inLanguage\":\"fr-FR\",\"potentialAction\":[{\"@type\":\"ReadAction\",\"target\":[\"https:\/\/www.homeland-services.com\/conciergerie\/conciergerie-pour-les-particuliers\/\"]}]},{\"@type\":\"BreadcrumbList\",\"@id\":\"https:\/\/www.homeland-services.com\/conciergerie\/conciergerie-pour-les-particuliers\/#breadcrumb\",\"itemListElement\":[{\"@type\":\"ListItem\",\"position\":1,\"name\":\"Conciergerie\",\"item\":\"https:\/\/www.homeland-services.com\/conciergerie\/\"},{\"@type\":\"ListItem\",\"position\":2,\"name\":\"Conciergerie pour les particuliers\"}]}]}<\/script>\n<!-- \/ Yoast SEO plugin. -->","yoast_head_json":{"title":"Conciergerie pour les particuliers en France | Homeland Services","description":"Besoin d\u2019aide pour g\u00e9rer votre quotidien ? Homeland Services vous facilite la vie: Baby-sitter, M\u00e9nage, Courses, D\u00e9marches administrative, Surveillance...","robots":{"index":"index","follow":"follow","max-snippet":"max-snippet:-1","max-image-preview":"max-image-preview:large","max-video-preview":"max-video-preview:-1"},"canonical":"https:\/\/www.homeland-services.com\/conciergerie\/conciergerie-pour-les-particuliers\/","og_locale":"fr_FR","og_type":"article","og_title":"Conciergerie pour les particuliers en France | Homeland Services","og_description":"Besoin d\u2019aide pour g\u00e9rer votre quotidien ? Homeland Services vous facilite la vie: Baby-sitter, M\u00e9nage, Courses, D\u00e9marches administrative, Surveillance...","og_url":"https:\/\/www.homeland-services.com\/conciergerie\/conciergerie-pour-les-particuliers\/","og_site_name":"Homeland Services","article_publisher":"https:\/\/www.facebook.com\/HomelandServices\/","article_modified_time":"2020-02-19T13:44:16+00:00","twitter_misc":{"Dur\u00e9e de lecture estim\u00e9e":"1 minute"},"schema":{"@context":"https:\/\/schema.org","@graph":[{"@type":"Organization","@id":"https:\/\/www.homeland-services.com\/#organization","name":"Homeland Services","url":"https:\/\/www.homeland-services.com\/","sameAs":["https:\/\/www.facebook.com\/HomelandServices\/"],"logo":{"@type":"ImageObject","inLanguage":"fr-FR","@id":"https:\/\/www.homeland-services.com\/#\/schema\/logo\/image\/","url":"https:\/\/www.homeland-services.com\/wp-content\/uploads\/2019\/01\/logo-homeland-services.png","contentUrl":"https:\/\/www.homeland-services.com\/wp-content\/uploads\/2019\/01\/logo-homeland-services.png","width":322,"height":77,"caption":"Homeland Services"},"image":{"@id":"https:\/\/www.homeland-services.com\/#\/schema\/logo\/image\/"}},{"@type":"WebSite","@id":"https:\/\/www.homeland-services.com\/#website","url":"https:\/\/www.homeland-services.com\/","name":"Homeland Services","description":"Expatriates&#039; Gardien Angel","publisher":{"@id":"https:\/\/www.homeland-services.com\/#organization"},"potentialAction":[{"@type":"SearchAction","target":{"@type":"EntryPoint","urlTemplate":"https:\/\/www.homeland-services.com\/?s={search_term_string}"},"query-input":"required name=search_term_string"}],"inLanguage":"fr-FR"},{"@type":"WebPage","@id":"https:\/\/www.homeland-services.com\/conciergerie\/conciergerie-pour-les-particuliers\/#webpage","url":"https:\/\/www.homeland-services.com\/conciergerie\/conciergerie-pour-les-particuliers\/","name":"Conciergerie pour les particuliers en France | Homeland Services","isPartOf":{"@id":"https:\/\/www.homeland-services.com\/#website"},"datePublished":"2012-10-12T15:16:55+00:00","dateModified":"2020-02-19T13:44:16+00:00","description":"Besoin d\u2019aide pour g\u00e9rer votre quotidien ? Homeland Services vous facilite la vie: Baby-sitter, M\u00e9nage, Courses, D\u00e9marches administrative, Surveillance...","breadcrumb":{"@id":"https:\/\/www.homeland-services.com\/conciergerie\/conciergerie-pour-les-particuliers\/#breadcrumb"},"inLanguage":"fr-FR","potentialAction":[{"@type":"ReadAction","target":["https:\/\/www.homeland-services.com\/conciergerie\/conciergerie-pour-les-particuliers\/"]}]},{"@type":"BreadcrumbList","@id":"https:\/\/www.homeland-services.com\/conciergerie\/conciergerie-pour-les-particuliers\/#breadcrumb","itemListElement":[{"@type":"ListItem","position":1,"name":"Conciergerie","item":"https:\/\/www.homeland-services.com\/conciergerie\/"},{"@type":"ListItem","position":2,"name":"Conciergerie pour les particuliers"}]}]}},"_links":{"self":[{"href":"https:\/\/www.homeland-services.com\/en\/wp-json\/wp\/v2\/pages\/227"}],"collection":[{"href":"https:\/\/www.homeland-services.com\/en\/wp-json\/wp\/v2\/pages"}],"about":[{"href":"https:\/\/www.homeland-services.com\/en\/wp-json\/wp\/v2\/types\/page"}],"author":[{"embeddable":true,"href":"https:\/\/www.homeland-services.com\/en\/wp-json\/wp\/v2\/users\/1"}],"replies":[{"embeddable":true,"href":"https:\/\/www.homeland-services.com\/en\/wp-json\/wp\/v2\/comments?post=227"}],"version-history":[{"count":14,"href":"https:\/\/www.homeland-services.com\/en\/wp-json\/wp\/v2\/pages\/227\/revisions"}],"predecessor-version":[{"id":624,"href":"https:\/\/www.homeland-services.com\/en\/wp-json\/wp\/v2\/pages\/227\/revisions\/624"}],"up":[{"embeddable":true,"href":"https:\/\/www.homeland-services.com\/en\/wp-json\/wp\/v2\/pages\/10"}],"wp:attachment":[{"href":"https:\/\/www.homeland-services.com\/en\/wp-json\/wp\/v2\/media?parent=227"}],"curies":[{"name":"wp","href":"https:\/\/api.w.org\/{rel}","templated":true}]}}