{"id":12,"date":"2012-07-16T17:42:09","date_gmt":"2012-07-16T15:42:09","guid":{"rendered":"http:\/\/localhost\/homeland_wp\/?page_id=12"},"modified":"2012-11-02T18:03:31","modified_gmt":"2012-11-02T17:03:31","slug":"temoignages","status":"publish","type":"page","link":"https:\/\/www.homeland-services.com\/en\/temoignages\/","title":{"rendered":"Testimonials"},"content":{"rendered":"<p>Description de la cat\u00e9gorie T\u00e9moignages.<\/p>\n","protected":false},"excerpt":{"rendered":"<p>Description de la cat\u00e9gorie T\u00e9moignages.<\/p>\n","protected":false},"author":1,"featured_media":277,"parent":0,"menu_order":0,"comment_status":"closed","ping_status":"closed","template":"","meta":[],"yoast_head":"<!-- This site is optimized with the Yoast SEO plugin v18.9 - https:\/\/yoast.com\/wordpress\/plugins\/seo\/ -->\n<title>T\u00e9moignages - Homeland Services<\/title>\n<meta name=\"robots\" content=\"index, follow, max-snippet:-1, max-image-preview:large, max-video-preview:-1\" \/>\n<link rel=\"canonical\" href=\"https:\/\/www.homeland-services.com\/temoignages\/\" \/>\n<meta property=\"og:locale\" content=\"fr_FR\" \/>\n<meta property=\"og:type\" content=\"article\" \/>\n<meta property=\"og:title\" content=\"T\u00e9moignages - Homeland Services\" \/>\n<meta property=\"og:description\" content=\"Description de la cat\u00e9gorie T\u00e9moignages.\" \/>\n<meta property=\"og:url\" content=\"https:\/\/www.homeland-services.com\/temoignages\/\" \/>\n<meta property=\"og:site_name\" content=\"Homeland Services\" \/>\n<meta property=\"article:publisher\" content=\"https:\/\/www.facebook.com\/HomelandServices\/\" \/>\n<meta property=\"article:modified_time\" content=\"2012-11-02T17:03:31+00:00\" \/>\n<meta property=\"og:image\" content=\"https:\/\/www.homeland-services.com\/wp-content\/uploads\/2012\/07\/Fotolia_44620121_S-e1424090043145.jpg\" \/>\n\t<meta property=\"og:image:width\" content=\"300\" \/>\n\t<meta property=\"og:image:height\" content=\"225\" \/>\n\t<meta property=\"og:image:type\" content=\"image\/jpeg\" \/>\n<script type=\"application\/ld+json\" class=\"yoast-schema-graph\">{\"@context\":\"https:\/\/schema.org\",\"@graph\":[{\"@type\":\"Organization\",\"@id\":\"https:\/\/www.homeland-services.com\/#organization\",\"name\":\"Homeland Services\",\"url\":\"https:\/\/www.homeland-services.com\/\",\"sameAs\":[\"https:\/\/www.facebook.com\/HomelandServices\/\"],\"logo\":{\"@type\":\"ImageObject\",\"inLanguage\":\"fr-FR\",\"@id\":\"https:\/\/www.homeland-services.com\/#\/schema\/logo\/image\/\",\"url\":\"https:\/\/www.homeland-services.com\/wp-content\/uploads\/2019\/01\/logo-homeland-services.png\",\"contentUrl\":\"https:\/\/www.homeland-services.com\/wp-content\/uploads\/2019\/01\/logo-homeland-services.png\",\"width\":322,\"height\":77,\"caption\":\"Homeland Services\"},\"image\":{\"@id\":\"https:\/\/www.homeland-services.com\/#\/schema\/logo\/image\/\"}},{\"@type\":\"WebSite\",\"@id\":\"https:\/\/www.homeland-services.com\/#website\",\"url\":\"https:\/\/www.homeland-services.com\/\",\"name\":\"Homeland Services\",\"description\":\"Expatriates&#039; Gardien Angel\",\"publisher\":{\"@id\":\"https:\/\/www.homeland-services.com\/#organization\"},\"potentialAction\":[{\"@type\":\"SearchAction\",\"target\":{\"@type\":\"EntryPoint\",\"urlTemplate\":\"https:\/\/www.homeland-services.com\/?s={search_term_string}\"},\"query-input\":\"required name=search_term_string\"}],\"inLanguage\":\"fr-FR\"},{\"@type\":\"ImageObject\",\"inLanguage\":\"fr-FR\",\"@id\":\"https:\/\/www.homeland-services.com\/temoignages\/#primaryimage\",\"url\":\"https:\/\/www.homeland-services.com\/wp-content\/uploads\/2012\/07\/Fotolia_44620121_S-e1424090043145.jpg\",\"contentUrl\":\"https:\/\/www.homeland-services.com\/wp-content\/uploads\/2012\/07\/Fotolia_44620121_S-e1424090043145.jpg\",\"width\":300,\"height\":225,\"caption\":\"Silhouettes\"},{\"@type\":\"WebPage\",\"@id\":\"https:\/\/www.homeland-services.com\/temoignages\/#webpage\",\"url\":\"https:\/\/www.homeland-services.com\/temoignages\/\",\"name\":\"T\u00e9moignages - Homeland Services\",\"isPartOf\":{\"@id\":\"https:\/\/www.homeland-services.com\/#website\"},\"primaryImageOfPage\":{\"@id\":\"https:\/\/www.homeland-services.com\/temoignages\/#primaryimage\"},\"datePublished\":\"2012-07-16T15:42:09+00:00\",\"dateModified\":\"2012-11-02T17:03:31+00:00\",\"breadcrumb\":{\"@id\":\"https:\/\/www.homeland-services.com\/temoignages\/#breadcrumb\"},\"inLanguage\":\"fr-FR\",\"potentialAction\":[{\"@type\":\"ReadAction\",\"target\":[\"https:\/\/www.homeland-services.com\/temoignages\/\"]}]},{\"@type\":\"BreadcrumbList\",\"@id\":\"https:\/\/www.homeland-services.com\/temoignages\/#breadcrumb\",\"itemListElement\":[{\"@type\":\"ListItem\",\"position\":1,\"name\":\"T\u00e9moignages\"}]}]}<\/script>\n<!-- \/ Yoast SEO plugin. -->","yoast_head_json":{"title":"T\u00e9moignages - Homeland Services","robots":{"index":"index","follow":"follow","max-snippet":"max-snippet:-1","max-image-preview":"max-image-preview:large","max-video-preview":"max-video-preview:-1"},"canonical":"https:\/\/www.homeland-services.com\/temoignages\/","og_locale":"fr_FR","og_type":"article","og_title":"T\u00e9moignages - Homeland Services","og_description":"Description de la cat\u00e9gorie T\u00e9moignages.","og_url":"https:\/\/www.homeland-services.com\/temoignages\/","og_site_name":"Homeland Services","article_publisher":"https:\/\/www.facebook.com\/HomelandServices\/","article_modified_time":"2012-11-02T17:03:31+00:00","og_image":[{"width":300,"height":225,"url":"https:\/\/www.homeland-services.com\/wp-content\/uploads\/2012\/07\/Fotolia_44620121_S-e1424090043145.jpg","type":"image\/jpeg"}],"schema":{"@context":"https:\/\/schema.org","@graph":[{"@type":"Organization","@id":"https:\/\/www.homeland-services.com\/#organization","name":"Homeland Services","url":"https:\/\/www.homeland-services.com\/","sameAs":["https:\/\/www.facebook.com\/HomelandServices\/"],"logo":{"@type":"ImageObject","inLanguage":"fr-FR","@id":"https:\/\/www.homeland-services.com\/#\/schema\/logo\/image\/","url":"https:\/\/www.homeland-services.com\/wp-content\/uploads\/2019\/01\/logo-homeland-services.png","contentUrl":"https:\/\/www.homeland-services.com\/wp-content\/uploads\/2019\/01\/logo-homeland-services.png","width":322,"height":77,"caption":"Homeland Services"},"image":{"@id":"https:\/\/www.homeland-services.com\/#\/schema\/logo\/image\/"}},{"@type":"WebSite","@id":"https:\/\/www.homeland-services.com\/#website","url":"https:\/\/www.homeland-services.com\/","name":"Homeland Services","description":"Expatriates&#039; Gardien Angel","publisher":{"@id":"https:\/\/www.homeland-services.com\/#organization"},"potentialAction":[{"@type":"SearchAction","target":{"@type":"EntryPoint","urlTemplate":"https:\/\/www.homeland-services.com\/?s={search_term_string}"},"query-input":"required name=search_term_string"}],"inLanguage":"fr-FR"},{"@type":"ImageObject","inLanguage":"fr-FR","@id":"https:\/\/www.homeland-services.com\/temoignages\/#primaryimage","url":"https:\/\/www.homeland-services.com\/wp-content\/uploads\/2012\/07\/Fotolia_44620121_S-e1424090043145.jpg","contentUrl":"https:\/\/www.homeland-services.com\/wp-content\/uploads\/2012\/07\/Fotolia_44620121_S-e1424090043145.jpg","width":300,"height":225,"caption":"Silhouettes"},{"@type":"WebPage","@id":"https:\/\/www.homeland-services.com\/temoignages\/#webpage","url":"https:\/\/www.homeland-services.com\/temoignages\/","name":"T\u00e9moignages - Homeland Services","isPartOf":{"@id":"https:\/\/www.homeland-services.com\/#website"},"primaryImageOfPage":{"@id":"https:\/\/www.homeland-services.com\/temoignages\/#primaryimage"},"datePublished":"2012-07-16T15:42:09+00:00","dateModified":"2012-11-02T17:03:31+00:00","breadcrumb":{"@id":"https:\/\/www.homeland-services.com\/temoignages\/#breadcrumb"},"inLanguage":"fr-FR","potentialAction":[{"@type":"ReadAction","target":["https:\/\/www.homeland-services.com\/temoignages\/"]}]},{"@type":"BreadcrumbList","@id":"https:\/\/www.homeland-services.com\/temoignages\/#breadcrumb","itemListElement":[{"@type":"ListItem","position":1,"name":"T\u00e9moignages"}]}]}},"_links":{"self":[{"href":"https:\/\/www.homeland-services.com\/en\/wp-json\/wp\/v2\/pages\/12"}],"collection":[{"href":"https:\/\/www.homeland-services.com\/en\/wp-json\/wp\/v2\/pages"}],"about":[{"href":"https:\/\/www.homeland-services.com\/en\/wp-json\/wp\/v2\/types\/page"}],"author":[{"embeddable":true,"href":"https:\/\/www.homeland-services.com\/en\/wp-json\/wp\/v2\/users\/1"}],"replies":[{"embeddable":true,"href":"https:\/\/www.homeland-services.com\/en\/wp-json\/wp\/v2\/comments?post=12"}],"version-history":[{"count":6,"href":"https:\/\/www.homeland-services.com\/en\/wp-json\/wp\/v2\/pages\/12\/revisions"}],"predecessor-version":[{"id":278,"href":"https:\/\/www.homeland-services.com\/en\/wp-json\/wp\/v2\/pages\/12\/revisions\/278"}],"wp:featuredmedia":[{"embeddable":true,"href":"https:\/\/www.homeland-services.com\/en\/wp-json\/wp\/v2\/media\/277"}],"wp:attachment":[{"href":"https:\/\/www.homeland-services.com\/en\/wp-json\/wp\/v2\/media?parent=12"}],"curies":[{"name":"wp","href":"https:\/\/api.w.org\/{rel}","templated":true}]}}